{"id":49,"date":"2024-01-22T15:21:35","date_gmt":"2024-01-22T15:21:35","guid":{"rendered":"https:\/\/servicioscyr.cl\/web\/?page_id=49"},"modified":"2024-01-31T14:21:16","modified_gmt":"2024-01-31T14:21:16","slug":"quienes-somos","status":"publish","type":"page","link":"https:\/\/servicioscyr.cl\/web\/index.php\/quienes-somos\/","title":{"rendered":"Quienes somos"},"content":{"rendered":"\n<div class=\"slider-wrapper relative\" id=\"slider-924137904\" >\n    <div class=\"slider slider-nav-circle slider-nav-large slider-nav-light slider-style-normal\"\n        data-flickity-options='{\n            \"cellAlign\": \"center\",\n            \"imagesLoaded\": true,\n            \"lazyLoad\": 1,\n            \"freeScroll\": false,\n            \"wrapAround\": true,\n            \"autoPlay\": 6000,\n            \"pauseAutoPlayOnHover\" : true,\n            \"prevNextButtons\": true,\n            \"contain\" : true,\n            \"adaptiveHeight\" : true,\n            \"dragThreshold\" : 10,\n            \"percentPosition\": true,\n            \"pageDots\": true,\n            \"rightToLeft\": false,\n            \"draggable\": true,\n            \"selectedAttraction\": 0.1,\n            \"parallax\" : 0,\n            \"friction\": 0.6        }'\n        >\n        \n\n\n  <div class=\"banner has-hover\" id=\"banner-661244453\">\n          <div class=\"banner-inner fill\">\n        <div class=\"banner-bg fill\" >\n            <div class=\"bg fill bg-fill \"><\/div>\n                                    \n                    <\/div>\n\t\t\n        <div class=\"banner-layers container\">\n            <div class=\"fill banner-link\"><\/div>            \n\n   <div id=\"text-box-1753515645\" class=\"text-box banner-layer x5 md-x5 lg-x5 y95 md-y50 lg-y50 res-text\">\n              <div data-parallax=\"2\" data-parallax-fade=\"true\">                  <div class=\"text-box-content text box-shadow-1\">\n              \n              <div class=\"text-inner text-left\">\n                  \n\n<h3 class=\"uppercase\">SOMOS C&amp;R<\/h3>\n<p>Somos una empresa del rubro automotriz con m\u00e1s de 10 a\u00f1os de experiencia en transferencias, primera inscripciones, meras tenencias, leasing y prendas; Con los mas altos est\u00e1ndares de calidad.<\/p>\n\n              <\/div>\n           <\/div>\n              <\/div>              \n<style>\n#text-box-1753515645 .text-box-content {\n  background-color: rgba(255, 255, 255, 0.94);\n  font-size: 100%;\n}\n#text-box-1753515645 .text-inner {\n  padding: 30px 30px 30px 30px;\n}\n#text-box-1753515645 {\n  width: 90%;\n}\n@media (min-width:550px) {\n  #text-box-1753515645 {\n    width: 44%;\n  }\n}\n<\/style>\n    <\/div>\n \n\n        <\/div>\n      <\/div>\n\n            \n<style>\n#banner-661244453 {\n  padding-top: 637px;\n}\n#banner-661244453 .bg.bg-loaded {\n  background-image: url(https:\/\/servicioscyr.cl\/web\/wp-content\/uploads\/2024\/01\/pexels-fauxels-3183197.jpg);\n}\n#banner-661244453 .bg {\n  background-position: 62% 60%;\n}\n<\/style>\n  <\/div>\n\n\n\n\n     <\/div>\n\n     <div class=\"loading-spin dark large centered\"><\/div>\n\n\t<\/div>\n\n\n\t<section class=\"section\" id=\"section_2124369374\">\n\t\t<div class=\"bg section-bg fill bg-fill  bg-loaded\" >\n\n\t\t\t\n\t\t\t<div class=\"section-bg-overlay absolute fill\"><\/div>\n\t\t\t\n\n\t\t<\/div>\n\n\t\t\n\n\t\t<div class=\"section-content relative\">\n\t\t\t\n\n<div class=\"row row-large align-middle\"  id=\"row-774126006\">\n\n\n\t<div id=\"col-105720268\" class=\"col medium-6 small-12 large-6\"  >\n\t\t\t\t<div class=\"col-inner text-left\"  >\n\t\t\t\n\t\t\t\n\n<h2 class=\"uppercase\">Somos tecnolog\u00eda y eficiencia<\/h2>\n<p>Contamos con tecnolog\u00eda de \u00faltima generaci\u00f3n, convenios con las distintas instituciones que permiten realizar este trabajo con la mayor rapidez y eficiencia del mercado.<\/p>\n\n\t\t<\/div>\n\t\t\t\t\t<\/div>\n\n\t\n\n\t<div id=\"col-2131159644\" class=\"col medium-6 small-12 large-6\"  >\n\t\t\t\t<div class=\"col-inner\"  >\n\t\t\t\n\t\t\t\n\n\t<div class=\"img has-hover x md-x lg-x y md-y lg-y\" id=\"image_377904452\">\n\t\t\t\t\t\t\t\t<div class=\"img-inner box-shadow-2 dark\" >\n\t\t\t<img loading=\"lazy\" decoding=\"async\" width=\"1020\" height=\"680\" src=\"https:\/\/servicioscyr.cl\/web\/wp-content\/uploads\/2024\/01\/pexels-ivan-samkov-8127802-1024x683.jpg\" class=\"attachment-large size-large\" alt=\"\" srcset=\"https:\/\/servicioscyr.cl\/web\/wp-content\/uploads\/2024\/01\/pexels-ivan-samkov-8127802-1024x683.jpg 1024w, https:\/\/servicioscyr.cl\/web\/wp-content\/uploads\/2024\/01\/pexels-ivan-samkov-8127802-300x200.jpg 300w, https:\/\/servicioscyr.cl\/web\/wp-content\/uploads\/2024\/01\/pexels-ivan-samkov-8127802-768x512.jpg 768w, https:\/\/servicioscyr.cl\/web\/wp-content\/uploads\/2024\/01\/pexels-ivan-samkov-8127802.jpg 1280w\" sizes=\"(max-width: 1020px) 100vw, 1020px\" \/>\t\t\t\t\t\t\n\t\t\t\t\t<\/div>\n\t\t\t\t\t\t\t\t\n<style>\n#image_377904452 {\n  width: 100%;\n}\n<\/style>\n\t<\/div>\n\t\n\n\n\t\t<\/div>\n\t\t\t\t\t<\/div>\n\n\t\n\n<\/div>\n\n\t\t<\/div>\n\n\t\t\n<style>\n#section_2124369374 {\n  padding-top: 60px;\n  padding-bottom: 60px;\n  background-color: rgb(255, 255, 255);\n}\n#section_2124369374 .section-bg-overlay {\n  background-color: rgba(255, 255, 255, 0.85);\n}\n<\/style>\n\t<\/section>\n\t\n\t<section class=\"section\" id=\"section_1057533698\">\n\t\t<div class=\"bg section-bg fill bg-fill  bg-loaded\" >\n\n\t\t\t\n\t\t\t<div class=\"section-bg-overlay absolute fill\"><\/div>\n\t\t\t\n\t<div class=\"is-border\"\n\t\tstyle=\"border-width:1px 0px 1px 0px;\">\n\t<\/div>\n\n\t\t<\/div>\n\n\t\t\n\n\t\t<div class=\"section-content relative\">\n\t\t\t\n\n<div class=\"row row-large align-middle\"  id=\"row-482799423\">\n\n\n\t<div id=\"col-1356234330\" class=\"col medium-6 small-12 large-6\"  >\n\t\t\t\t<div class=\"col-inner\"  >\n\t\t\t\n\t\t\t\n\n\t<div class=\"img has-hover x md-x lg-x y md-y lg-y\" id=\"image_1612733361\">\n\t\t\t\t\t\t\t\t<div class=\"img-inner box-shadow-2 dark\" >\n\t\t\t<img loading=\"lazy\" decoding=\"async\" width=\"1020\" height=\"679\" src=\"https:\/\/servicioscyr.cl\/web\/wp-content\/uploads\/2024\/01\/pexels-rdne-stock-project-7888672-1024x682.jpg\" class=\"attachment-large size-large\" alt=\"\" srcset=\"https:\/\/servicioscyr.cl\/web\/wp-content\/uploads\/2024\/01\/pexels-rdne-stock-project-7888672-1024x682.jpg 1024w, https:\/\/servicioscyr.cl\/web\/wp-content\/uploads\/2024\/01\/pexels-rdne-stock-project-7888672-300x200.jpg 300w, https:\/\/servicioscyr.cl\/web\/wp-content\/uploads\/2024\/01\/pexels-rdne-stock-project-7888672-768x512.jpg 768w, https:\/\/servicioscyr.cl\/web\/wp-content\/uploads\/2024\/01\/pexels-rdne-stock-project-7888672.jpg 1280w\" sizes=\"(max-width: 1020px) 100vw, 1020px\" \/>\t\t\t\t\t\t\n\t\t\t\t\t<\/div>\n\t\t\t\t\t\t\t\t\n<style>\n#image_1612733361 {\n  width: 100%;\n}\n<\/style>\n\t<\/div>\n\t\n\n\n\t\t<\/div>\n\t\t\t\t\t<\/div>\n\n\t\n\n\t<div id=\"col-83502402\" class=\"col medium-6 small-12 large-6\"  >\n\t\t\t\t<div class=\"col-inner text-left\"  >\n\t\t\t\n\t\t\t\n\n<h2 class=\"uppercase\">nuestro staff<\/h2>\n<p>Contamos con abogados expertos en el \u00e1rea automotriz, con basta experiencia y conocimientos en gesti\u00f3n automotriz.<\/p>\n\n\t\t<\/div>\n\t\t\t\t\t<\/div>\n\n\t\n\n<\/div>\n\n\t\t<\/div>\n\n\t\t\n<style>\n#section_1057533698 {\n  padding-top: 60px;\n  padding-bottom: 60px;\n  background-color: rgb(193, 193, 193);\n}\n#section_1057533698 .section-bg-overlay {\n  background-color: rgba(255, 255, 255, 0.85);\n}\n<\/style>\n\t<\/section>\n\t\n\n\n\n\n","protected":false},"excerpt":{"rendered":"","protected":false},"author":1,"featured_media":0,"parent":0,"menu_order":0,"comment_status":"closed","ping_status":"closed","template":"page-blank.php","meta":{"_joinchat":[],"footnotes":""},"_links":{"self":[{"href":"https:\/\/servicioscyr.cl\/web\/index.php\/wp-json\/wp\/v2\/pages\/49"}],"collection":[{"href":"https:\/\/servicioscyr.cl\/web\/index.php\/wp-json\/wp\/v2\/pages"}],"about":[{"href":"https:\/\/servicioscyr.cl\/web\/index.php\/wp-json\/wp\/v2\/types\/page"}],"author":[{"embeddable":true,"href":"https:\/\/servicioscyr.cl\/web\/index.php\/wp-json\/wp\/v2\/users\/1"}],"replies":[{"embeddable":true,"href":"https:\/\/servicioscyr.cl\/web\/index.php\/wp-json\/wp\/v2\/comments?post=49"}],"version-history":[{"count":6,"href":"https:\/\/servicioscyr.cl\/web\/index.php\/wp-json\/wp\/v2\/pages\/49\/revisions"}],"predecessor-version":[{"id":80,"href":"https:\/\/servicioscyr.cl\/web\/index.php\/wp-json\/wp\/v2\/pages\/49\/revisions\/80"}],"wp:attachment":[{"href":"https:\/\/servicioscyr.cl\/web\/index.php\/wp-json\/wp\/v2\/media?parent=49"}],"curies":[{"name":"wp","href":"https:\/\/api.w.org\/{rel}","templated":true}]}}