{"id":2,"date":"2024-01-21T20:54:31","date_gmt":"2024-01-21T20:54:31","guid":{"rendered":"https:\/\/servicioscyr.cl\/web\/?page_id=2"},"modified":"2026-02-26T13:20:38","modified_gmt":"2026-02-26T13:20:38","slug":"inicio","status":"publish","type":"page","link":"https:\/\/servicioscyr.cl\/web\/","title":{"rendered":"Inicio"},"content":{"rendered":"\n<div class=\"slider-wrapper relative\" id=\"slider-733397522\" >\n    <div class=\"slider slider-nav-circle slider-nav-large slider-nav-light slider-style-normal\"\n        data-flickity-options='{\n            \"cellAlign\": \"center\",\n            \"imagesLoaded\": true,\n            \"lazyLoad\": 1,\n            \"freeScroll\": false,\n            \"wrapAround\": true,\n            \"autoPlay\": 6000,\n            \"pauseAutoPlayOnHover\" : true,\n            \"prevNextButtons\": true,\n            \"contain\" : true,\n            \"adaptiveHeight\" : true,\n            \"dragThreshold\" : 10,\n            \"percentPosition\": true,\n            \"pageDots\": false,\n            \"rightToLeft\": false,\n            \"draggable\": true,\n            \"selectedAttraction\": 0.1,\n            \"parallax\" : 0,\n            \"friction\": 0.6        }'\n        >\n        \n\n\n  <div class=\"banner has-hover has-video is-full-height\" id=\"banner-1917980547\">\n          <div class=\"banner-inner fill\">\n        <div class=\"banner-bg fill\" >\n            <div class=\"bg fill bg-fill \"><\/div>\n            \t<div class=\"video-overlay no-click fill hide-for-medium\"><\/div>\n\t<video class=\"video-bg fill hide-for-medium\" preload playsinline autoplay muted loop>\n\t\t<source src=\"https:\/\/servicioscyr.cl\/web\/wp-content\/uploads\/2024\/01\/video.mp4\" type=\"video\/mp4\">\t<\/video>\n            <div class=\"overlay\"><\/div>            \n                    <\/div>\n\t\t\n        <div class=\"banner-layers container\">\n            <div class=\"fill banner-link\"><\/div>            \n\n   <div id=\"text-box-1486490279\" class=\"text-box banner-layer x10 md-x5 lg-x5 y90 md-y50 lg-y50 res-text\">\n                     <div data-animate=\"fadeInLeft\">           <div class=\"text-box-content text dark text-shadow-1\">\n              \n              <div class=\"text-inner text-center\">\n                  \n\n<h1><span style=\"font-size: 80%;\"><strong>Bienvenidos a Servicios CyR<\/strong><\/span><\/h1>\n<p class=\"lead\">Somos una empresa dedicada a la gesti\u00f3n de tramitaci\u00f3n y asesor\u00eda automotriz con m\u00e1s de 10 a\u00f1os de experiencia y con altos est\u00e1ndares de calidad<\/p>\n<a href=\"https:\/\/servicioscyr.cl\/web\/index.php\/quienes-somos\/\" target=\"_self\" class=\"button white is-outline\"  style=\"border-radius:99px;\">\n    <span>Con\u00f3cenos<\/span>\n  <\/a>\n\n\n\n              <\/div>\n           <\/div>\n       <\/div>                     \n<style>\n#text-box-1486490279 {\n  width: 85%;\n}\n#text-box-1486490279 .text-box-content {\n  font-size: 100%;\n}\n@media (min-width:550px) {\n  #text-box-1486490279 {\n    width: 52%;\n  }\n}\n@media (min-width:850px) {\n  #text-box-1486490279 {\n    width: 56%;\n  }\n}\n<\/style>\n    <\/div>\n \n\n        <\/div>\n      <\/div>\n\n            \n<style>\n#banner-1917980547 {\n  padding-top: 100%;\n}\n#banner-1917980547 .overlay {\n  background-color: rgba(0, 0, 0, 0.3);\n}\n<\/style>\n  <\/div>\n\n\n\n  <div class=\"banner has-hover is-full-height\" id=\"banner-938255709\">\n          <div class=\"banner-inner fill\">\n        <div class=\"banner-bg fill\" >\n            <div class=\"bg fill bg-fill \"><\/div>\n                        <div class=\"overlay\"><\/div>            \n                    <\/div>\n\t\t\n        <div class=\"banner-layers container\">\n            <div class=\"fill banner-link\"><\/div>            \n\n   <div id=\"text-box-1038253517\" class=\"text-box banner-layer x10 md-x5 lg-x50 y90 md-y50 lg-y50 res-text\">\n                     <div data-animate=\"fadeInLeft\">           <div class=\"text-box-content text dark text-shadow-1\">\n              \n              <div class=\"text-inner text-center\">\n                  \n\n<h2><strong>Un servicio integral<\/strong><\/h2>\n<p class=\"lead\">Contamos con tecnolog\u00eda de \u00faltima generaci\u00f3n, convenios con las distintas instituciones que permiten realizar este trabajo con la mayor rapidez y eficiencia del mercado.<\/p>\n<a href=\"https:\/\/servicioscyr.cl\/web\/index.php\/quienes-somos\/\" target=\"_self\" class=\"button white is-outline reveal-icon\"  style=\"border-radius:99px;\">\n    <span>Cont\u00e1ctanos<\/span>\n  <i class=\"icon-angle-right\" aria-hidden=\"true\" ><\/i><\/a>\n\n\n\n              <\/div>\n           <\/div>\n       <\/div>                     \n<style>\n#text-box-1038253517 {\n  width: 85%;\n}\n#text-box-1038253517 .text-box-content {\n  font-size: 100%;\n}\n@media (min-width:550px) {\n  #text-box-1038253517 {\n    width: 52%;\n  }\n}\n@media (min-width:850px) {\n  #text-box-1038253517 {\n    width: 80%;\n  }\n}\n<\/style>\n    <\/div>\n \n\n        <\/div>\n      <\/div>\n\n            \n<style>\n#banner-938255709 {\n  padding-top: 100%;\n}\n#banner-938255709 .bg.bg-loaded {\n  background-image: url(https:\/\/servicioscyr.cl\/web\/wp-content\/uploads\/2024\/01\/02-1024x681.jpg);\n}\n#banner-938255709 .overlay {\n  background-color: rgba(0, 0, 0, 0.599);\n}\n#banner-938255709 .bg {\n  background-position: 62% 50%;\n}\n<\/style>\n  <\/div>\n\n\n\n  <div class=\"banner has-hover is-full-height\" id=\"banner-333357028\">\n          <div class=\"banner-inner fill\">\n        <div class=\"banner-bg fill\" >\n            <div class=\"bg fill bg-fill \"><\/div>\n                        <div class=\"overlay\"><\/div>            \n                    <\/div>\n\t\t\n        <div class=\"banner-layers container\">\n            <div class=\"fill banner-link\"><\/div>            \n\n   <div id=\"text-box-1104807138\" class=\"text-box banner-layer x10 md-x5 lg-x50 y90 md-y25 lg-y25 res-text\">\n                     <div data-animate=\"fadeInLeft\">           <div class=\"text-box-content text dark text-shadow-1\">\n              \n              <div class=\"text-inner text-center\">\n                  \n\n<h2><strong>NUESTRO STAFF<\/strong><\/h2>\n<p class=\"lead\">Contamos con abogados expertos en el \u00e1rea automotriz, con vasta experiencia y conocimientos en gesti\u00f3n automotriz.<\/p>\n<a href=\"https:\/\/servicioscyr.cl\/web\/index.php\/quienes-somos\/\" target=\"_self\" class=\"button white is-outline reveal-icon\"  style=\"border-radius:99px;\">\n    <span>Ver m\u00e1s<\/span>\n  <i class=\"icon-angle-right\" aria-hidden=\"true\" ><\/i><\/a>\n\n\n\n              <\/div>\n           <\/div>\n       <\/div>                     \n<style>\n#text-box-1104807138 {\n  width: 85%;\n}\n#text-box-1104807138 .text-box-content {\n  font-size: 100%;\n}\n@media (min-width:550px) {\n  #text-box-1104807138 {\n    width: 52%;\n  }\n}\n@media (min-width:850px) {\n  #text-box-1104807138 {\n    width: 63%;\n  }\n}\n<\/style>\n    <\/div>\n \n\n        <\/div>\n      <\/div>\n\n            \n<style>\n#banner-333357028 {\n  padding-top: 100%;\n}\n#banner-333357028 .bg.bg-loaded {\n  background-image: url(https:\/\/servicioscyr.cl\/web\/wp-content\/uploads\/2024\/01\/01-1024x585.jpg);\n}\n#banner-333357028 .overlay {\n  background-color: rgba(0, 0, 0, 0.3);\n}\n#banner-333357028 .bg {\n  background-position: 62% 50%;\n}\n<\/style>\n  <\/div>\n\n\n\n     <\/div>\n\n     <div class=\"loading-spin dark large centered\"><\/div>\n\n\t\n<style>\n#slider-733397522 .flickity-slider > * {\n  max-width: 100%!important;\n}\n<\/style>\n<\/div>\n\n\n<div class=\"text-center\"><div class=\"is-divider divider clearfix\" style=\"margin-top:0px;margin-bottom:0px;max-width:100%;height:50px;background-color:rgb(255, 255, 255);\"><\/div><\/div>\n\n\t<section class=\"section\" id=\"section_689388577\">\n\t\t<div class=\"bg section-bg fill bg-fill  bg-loaded\" >\n\n\t\t\t\n\t\t\t\n\t\t\t\n\n\t\t<\/div>\n\n\t\t\n\n\t\t<div class=\"section-content relative\">\n\t\t\t\n\n<div class=\"row\"  id=\"row-2019712875\">\n\n\n\t<div id=\"col-1234395372\" class=\"col small-12 large-12\"  >\n\t\t\t\t<div class=\"col-inner\"  >\n\t\t\t\n\t\t\t\n\n<div class=\"container section-title-container\" ><h2 class=\"section-title section-title-center\"><b><\/b><span class=\"section-title-main\" ><i class=\"icon-telegram\" ><\/i>nuestros servicios<\/span><b><\/b><\/h2><\/div>\n\n  <div class=\"banner-grid-wrapper\">\n  <div id=\"banner-grid-364059961\" class=\"banner-grid row row-grid row-small\" data-packery-options=\"\">\n                      \n\n<div class=\"col grid-col large-6 grid-col-2-3\" ><div class=\"col-inner\">\n\n\n  <div class=\"banner has-hover\" id=\"banner-1774232778\">\n          <div class=\"banner-inner fill\">\n        <div class=\"banner-bg fill\" >\n            <div class=\"bg fill bg-fill \"><\/div>\n                                    \n                    <\/div>\n\t\t\n        <div class=\"banner-layers container\">\n            <div class=\"fill banner-link\"><\/div>            \n\n   <div id=\"text-box-231644068\" class=\"text-box banner-layer x50 md-x50 lg-x50 y50 md-y50 lg-y50 res-text\">\n                                <div class=\"text-box-content text dark\">\n              \n              <div class=\"text-inner text-center\">\n                  \n\n\t<div id=\"text-224141418\" class=\"text\">\n\t\t\n\n<h3 class=\"uppercase\"><strong>Servicios Legales<\/strong><\/h3>\n<p>Asesor\u00eda legal confiable para tu empresa. An\u00e1lisis y revisi\u00f3n de contratos con la m\u00e1xima precisi\u00f3n y cuidado.<\/p>\n\t\t\n<style>\n#text-224141418 {\n  font-size: 1.2rem;\n}\n<\/style>\n\t<\/div>\n\t\n\n              <\/div>\n           <\/div>\n                            \n<style>\n#text-box-231644068 {\n  width: 60%;\n}\n#text-box-231644068 .text-box-content {\n  font-size: 100%;\n}\n<\/style>\n    <\/div>\n \n\n        <\/div>\n      <\/div>\n\n            \n<style>\n#banner-1774232778 {\n  padding-top: 500px;\n  background-color: rgb(230, 133, 16);\n}\n<\/style>\n  <\/div>\n\n\n\n<\/div><\/div>\n<div class=\"col grid-col large-6 grid-col-1-2\" ><div class=\"col-inner\">\n\n\n  <div class=\"banner has-hover\" id=\"banner-302451103\">\n          <div class=\"banner-inner fill\">\n        <div class=\"banner-bg fill\" >\n            <div class=\"bg fill bg-fill \"><\/div>\n                                    \n                    <\/div>\n\t\t\n        <div class=\"banner-layers container\">\n            <div class=\"fill banner-link\"><\/div>            \n\n   <div id=\"text-box-1884233809\" class=\"text-box banner-layer x50 md-x50 lg-x50 y50 md-y50 lg-y50 res-text\">\n                                <div class=\"text-box-content text dark\">\n              \n              <div class=\"text-inner text-center\">\n                  \n\n\t<div id=\"text-2216871248\" class=\"text\">\n\t\t\n\n<h3 class=\"uppercase\"><strong>Despacho \/ Delivery<\/strong><\/h3>\n<p>Agilizamos tus tr\u00e1mites &#8211; Delivery en Regi\u00f3n Metropolitana y regiones. Documentaci\u00f3n, placas, y m\u00e1s directo a tu puerta.<\/p>\n\t\t\n<style>\n#text-2216871248 {\n  font-size: 1.2rem;\n}\n<\/style>\n\t<\/div>\n\t\n\n              <\/div>\n           <\/div>\n                            \n<style>\n#text-box-1884233809 {\n  width: 60%;\n}\n#text-box-1884233809 .text-box-content {\n  font-size: 100%;\n}\n<\/style>\n    <\/div>\n \n\n        <\/div>\n      <\/div>\n\n            \n<style>\n#banner-302451103 {\n  padding-top: 500px;\n  background-color: rgb(0, 185, 241);\n}\n<\/style>\n  <\/div>\n\n\n\n<\/div><\/div>\n<div class=\"col grid-col large-3 grid-col-1-2\" ><div class=\"col-inner\">\n\n\n  <div class=\"banner has-hover\" id=\"banner-25962701\">\n          <div class=\"banner-inner fill\">\n        <div class=\"banner-bg fill\" >\n            <div class=\"bg fill bg-fill \"><\/div>\n                                    \n                    <\/div>\n\t\t\n        <div class=\"banner-layers container\">\n            <div class=\"fill banner-link\"><\/div>            \n\n   <div id=\"text-box-504635166\" class=\"text-box banner-layer x50 md-x50 lg-x50 y50 md-y50 lg-y50 res-text\">\n                                <div class=\"text-box-content text dark\">\n              \n              <div class=\"text-inner text-center\">\n                  \n\n\t<div id=\"text-2804961527\" class=\"text\">\n\t\t\n\n<h3 class=\"uppercase\"><strong>Archivo Online<\/strong><\/h3>\n<p>Digitalizaci\u00f3n y consulta online segura. Accede a tus documentos importantes en cualquier momento y desde cualquier lugar.<\/p>\n\t\t\n<style>\n#text-2804961527 {\n  font-size: 1.1rem;\n}\n<\/style>\n\t<\/div>\n\t\n\n              <\/div>\n           <\/div>\n                            \n<style>\n#text-box-504635166 {\n  width: 94%;\n}\n#text-box-504635166 .text-box-content {\n  font-size: 100%;\n}\n<\/style>\n    <\/div>\n \n\n        <\/div>\n      <\/div>\n\n            \n<style>\n#banner-25962701 {\n  padding-top: 500px;\n}\n<\/style>\n  <\/div>\n\n\n\n<\/div><\/div>\n<div class=\"col grid-col large-3 grid-col-1-2\" ><div class=\"col-inner\">\n\n\n  <div class=\"banner has-hover\" id=\"banner-581375921\">\n          <div class=\"banner-inner fill\">\n        <div class=\"banner-bg fill\" >\n            <div class=\"bg fill bg-fill \"><\/div>\n                                    \n                    <\/div>\n\t\t\n        <div class=\"banner-layers container\">\n            <div class=\"fill banner-link\"><\/div>            \n\n   <div id=\"text-box-316026054\" class=\"text-box banner-layer x50 md-x50 lg-x50 y50 md-y50 lg-y50 res-text\">\n                                <div class=\"text-box-content text dark\">\n              \n              <div class=\"text-inner text-center\">\n                  \n\n\t<div id=\"text-2903498456\" class=\"text\">\n\t\t\n\n<h3 class=\"uppercase\"><strong>Gesti\u00f3n Vehicular<\/strong><\/h3>\n<p>Inscripciones, transferencias, multas&#8230; Nuestros servicios vehiculares te mantienen en movimiento sin contratiempos.<\/p>\n\t\t\n<style>\n#text-2903498456 {\n  font-size: 1.1rem;\n}\n<\/style>\n\t<\/div>\n\t\n\n              <\/div>\n           <\/div>\n                            \n<style>\n#text-box-316026054 {\n  width: 94%;\n}\n#text-box-316026054 .text-box-content {\n  font-size: 100%;\n}\n<\/style>\n    <\/div>\n \n\n        <\/div>\n      <\/div>\n\n            \n<style>\n#banner-581375921 {\n  padding-top: 500px;\n}\n<\/style>\n  <\/div>\n\n\n\n<\/div><\/div>\n<div class=\"col grid-col large-6 grid-col-1-3\" ><div class=\"col-inner\">\n\n\n  <div class=\"banner has-hover\" id=\"banner-545414532\">\n          <div class=\"banner-inner fill\">\n        <div class=\"banner-bg fill\" >\n            <div class=\"bg fill bg-fill \"><\/div>\n                                    \n                    <\/div>\n\t\t\n        <div class=\"banner-layers container\">\n            <div class=\"fill banner-link\"><\/div>            \n\n   <div id=\"text-box-1584498180\" class=\"text-box banner-layer x50 md-x50 lg-x50 y50 md-y50 lg-y50 res-text\">\n                                <div class=\"text-box-content text dark\">\n              \n              <div class=\"text-inner text-center\">\n                  \n\n\t<div id=\"text-3955230594\" class=\"text\">\n\t\t\n\n<h3 class=\"uppercase\"><strong>Servicios Legales<\/strong><\/h3>\n<p>Asesor\u00eda legal confiable para tu empresa. An\u00e1lisis y revisi\u00f3n de contratos con la m\u00e1xima precisi\u00f3n y cuidado.<\/p>\n\t\t\n<style>\n#text-3955230594 {\n  font-size: 1.2rem;\n}\n<\/style>\n\t<\/div>\n\t\n\n              <\/div>\n           <\/div>\n                            \n<style>\n#text-box-1584498180 {\n  width: 94%;\n}\n#text-box-1584498180 .text-box-content {\n  font-size: 100%;\n}\n<\/style>\n    <\/div>\n \n\n        <\/div>\n      <\/div>\n\n            \n<style>\n#banner-545414532 {\n  padding-top: 500px;\n  background-color: rgb(0, 185, 241);\n}\n<\/style>\n  <\/div>\n\n\n\n<\/div><\/div>\n\n            <\/div>\n    <style>\n    #banner-grid-364059961 .grid-col-1{height: 600px}\n    #banner-grid-364059961 .grid-col-1-2{height: 300px}\n    #banner-grid-364059961 .grid-col-1-3{height:200px}\n    #banner-grid-364059961 .grid-col-2-3{height: 400px}\n    #banner-grid-364059961 .grid-col-1-4{height: 150px}\n    #banner-grid-364059961 .grid-col-3-4{height: 450px}\n\n\n    \n    \n\n  <\/style>\n    <\/div>\n  \n\n\t\t<\/div>\n\t\t\t\t\t<\/div>\n\n\t\n\n\n<style>\n#row-2019712875 > .col > .col-inner {\n  padding: 0px 0px 0px 0px;\n}\n<\/style>\n<\/div>\n<div class=\"text-center\"><div class=\"is-divider divider clearfix\" style=\"margin-top:0px;margin-bottom:0px;max-width:100%;height:50px;background-color:rgb(255, 255, 255);\"><\/div><\/div>\n\n<div class=\"row\"  id=\"row-248140355\">\n\n\n\t<div id=\"col-486077392\" class=\"col small-12 large-12\"  >\n\t\t\t\t<div class=\"col-inner\"  >\n\t\t\t\n\t\t\t\n\n<div class=\"container section-title-container\" ><h2 class=\"section-title section-title-center\"><b><\/b><span class=\"section-title-main\" ><i class=\"icon-checkmark\" ><\/i>Lo que nuestros clientes opinan de nosotros<\/span><b><\/b><\/h2><\/div>\n\n<div class=\"row align-equal row-box-shadow-2 row-box-shadow-5-hover\"  id=\"row-1269644414\">\n\n\n\t<div id=\"col-774856852\" class=\"col medium-6 small-12 large-6\"  >\n\t\t\t\t<div class=\"col-inner\"  >\n\t\t\t\n\t\t\t\n\n  <div class=\"icon-box testimonial-box icon-box-center text-center\">\n                <div class=\"icon-box-img testimonial-image circle\" style=\"width: 121px\">\n                      <\/div>\n                <div class=\"icon-box-text p-last-0\">\n          <div class=\"star-rating\"><span style=\"width:100%\"><strong class=\"rating\"><\/strong><\/span><\/div>  \t\t\t\t<div class=\"testimonial-text line-height-small italic test_text first-reset last-reset is-italic\">\n            \n\n<p>Servicios de alta calidad, con un tiempo de respuesta mayor al del mercado.<\/p>\n\n          <\/div>\n          <div class=\"testimonial-meta pt-half\">\n             <strong class=\"testimonial-name test_name\"><\/strong>\n                          <span class=\"testimonial-company test_company\"><\/span>\n          <\/div>\n        <\/div>\n  <\/div>\n\n  \n\n\t\t<\/div>\n\t\t\t\t\t<\/div>\n\n\t\n\n\t<div id=\"col-1637016425\" class=\"col medium-6 small-12 large-6\"  >\n\t\t\t\t<div class=\"col-inner\"  >\n\t\t\t\n\t\t\t\n\n  <div class=\"icon-box testimonial-box icon-box-center text-center\">\n                <div class=\"icon-box-img testimonial-image circle\" style=\"width: 121px\">\n                      <\/div>\n                <div class=\"icon-box-text p-last-0\">\n          <div class=\"star-rating\"><span style=\"width:100%\"><strong class=\"rating\"><\/strong><\/span><\/div>  \t\t\t\t<div class=\"testimonial-text line-height-small italic test_text first-reset last-reset is-italic\">\n            \n\n<p>CyR cuenta con altos est\u00e1ndares de calidad y respuesta en servicio automotriz<\/p>\n\n          <\/div>\n          <div class=\"testimonial-meta pt-half\">\n             <strong class=\"testimonial-name test_name\"><\/strong>\n                          <span class=\"testimonial-company test_company\"><\/span>\n          <\/div>\n        <\/div>\n  <\/div>\n\n  \n\n\t\t<\/div>\n\t\t\t\t\t<\/div>\n\n\t\n\n\n\n<style>\n#row-1269644414 > .col > .col-inner {\n  padding: 30px 30px 30px 30px;\n}\n<\/style>\n<\/div>\n\n\t\t<\/div>\n\t\t\t\t\t<\/div>\n\n\t\n\n\n<style>\n#row-248140355 > .col > .col-inner {\n  padding: 0px 0px 0px 0px;\n}\n<\/style>\n<\/div>\n<div class=\"text-center\"><div class=\"is-divider divider clearfix\" style=\"margin-top:0px;margin-bottom:0px;max-width:100%;height:50px;background-color:rgb(255, 255, 255);\"><\/div><\/div>\n\n<div class=\"row\"  id=\"row-222930300\">\n\n\n\t<div id=\"col-69914395\" class=\"col small-12 large-12\"  >\n\t\t\t\t<div class=\"col-inner\"  >\n\t\t\t\n\t\t\t\n\n<div class=\"container section-title-container\" ><h2 class=\"section-title section-title-center\"><b><\/b><span class=\"section-title-main\" ><i class=\"icon-checkmark\" ><\/i>Nuestros clientes<\/span><b><\/b><\/h2><\/div>\n\n\n  \n    <div class=\"row large-columns-3 medium-columns- small-columns-2 slider row-slider slider-nav-reveal slider-nav-push\"  data-flickity-options='{\"imagesLoaded\": true, \"groupCells\": \"100%\", \"dragThreshold\" : 5, \"cellAlign\": \"left\",\"wrapAround\": true,\"prevNextButtons\": true,\"percentPosition\": true,\"pageDots\": false, \"rightToLeft\": false, \"autoPlay\" : false}' >\n\n  <div class=\"gallery-col col\" >\n          <div class=\"col-inner\">\n                        <div class=\"box has-hover gallery-box box-normal\">\n              <div class=\"box-image\" style=\"width:80%;\">\n                <img loading=\"lazy\" decoding=\"async\" width=\"300\" height=\"169\" src=\"https:\/\/servicioscyr.cl\/web\/wp-content\/uploads\/2024\/02\/pngwing.com_-300x169.png\" class=\"attachment-medium size-medium\" alt=\"\" ids=\"117,142,141\" style=\"normal\" lightbox=\"false\" type=\"slider\" columns=\"3\" image_width=\"80\" text_align=\"center\" srcset=\"https:\/\/servicioscyr.cl\/web\/wp-content\/uploads\/2024\/02\/pngwing.com_-300x169.png 300w, https:\/\/servicioscyr.cl\/web\/wp-content\/uploads\/2024\/02\/pngwing.com_-1024x576.png 1024w, https:\/\/servicioscyr.cl\/web\/wp-content\/uploads\/2024\/02\/pngwing.com_-768x432.png 768w, https:\/\/servicioscyr.cl\/web\/wp-content\/uploads\/2024\/02\/pngwing.com_-1536x864.png 1536w, https:\/\/servicioscyr.cl\/web\/wp-content\/uploads\/2024\/02\/pngwing.com_-2048x1152.png 2048w\" sizes=\"(max-width: 300px) 100vw, 300px\" \/>                                                              <\/div>\n              <div class=\"box-text text-center\" >\n                 <p><\/p>\n              <\/div>\n            <\/div>\n                      <\/div>\n         <\/div><div class=\"gallery-col col\" >\n          <div class=\"col-inner\">\n                        <div class=\"box has-hover gallery-box box-normal\">\n              <div class=\"box-image\" style=\"width:80%;\">\n                <img loading=\"lazy\" decoding=\"async\" width=\"300\" height=\"300\" src=\"https:\/\/servicioscyr.cl\/web\/wp-content\/uploads\/2026\/02\/cliente_gamma-300x300.jpg\" class=\"attachment-medium size-medium\" alt=\"\" ids=\"117,142,141\" style=\"normal\" lightbox=\"false\" type=\"slider\" columns=\"3\" image_width=\"80\" text_align=\"center\" srcset=\"https:\/\/servicioscyr.cl\/web\/wp-content\/uploads\/2026\/02\/cliente_gamma-300x300.jpg 300w, https:\/\/servicioscyr.cl\/web\/wp-content\/uploads\/2026\/02\/cliente_gamma-150x150.jpg 150w, https:\/\/servicioscyr.cl\/web\/wp-content\/uploads\/2026\/02\/cliente_gamma.jpg 500w\" sizes=\"(max-width: 300px) 100vw, 300px\" \/>                                                              <\/div>\n              <div class=\"box-text text-center\" >\n                 <p><\/p>\n              <\/div>\n            <\/div>\n                      <\/div>\n         <\/div><div class=\"gallery-col col\" >\n          <div class=\"col-inner\">\n                        <div class=\"box has-hover gallery-box box-normal\">\n              <div class=\"box-image\" style=\"width:80%;\">\n                <img loading=\"lazy\" decoding=\"async\" width=\"300\" height=\"221\" src=\"https:\/\/servicioscyr.cl\/web\/wp-content\/uploads\/2026\/02\/cliente_avis-300x221.jpg\" class=\"attachment-medium size-medium\" alt=\"\" ids=\"117,142,141\" style=\"normal\" lightbox=\"false\" type=\"slider\" columns=\"3\" image_width=\"80\" text_align=\"center\" srcset=\"https:\/\/servicioscyr.cl\/web\/wp-content\/uploads\/2026\/02\/cliente_avis-300x221.jpg 300w, https:\/\/servicioscyr.cl\/web\/wp-content\/uploads\/2026\/02\/cliente_avis.jpg 600w\" sizes=\"(max-width: 300px) 100vw, 300px\" \/>                                                              <\/div>\n              <div class=\"box-text text-center\" >\n                 <p><\/p>\n              <\/div>\n            <\/div>\n                      <\/div>\n         <\/div><\/div>\n\n\n\t\t<\/div>\n\t\t\t\t\t<\/div>\n\n\t\n\n<\/div>\n\n<div class=\"text-center\"><div class=\"is-divider divider clearfix\" style=\"margin-top:0px;margin-bottom:0px;max-width:100%;height:50px;background-color:rgb(255, 255, 255);\"><\/div><\/div>\n\n\n\n\t\t<\/div>\n\n\t\t\n<style>\n#section_689388577 {\n  padding-top: 30px;\n  padding-bottom: 30px;\n}\n<\/style>\n\t<\/section>\n\t\n\n","protected":false},"excerpt":{"rendered":"","protected":false},"author":1,"featured_media":0,"parent":0,"menu_order":0,"comment_status":"closed","ping_status":"closed","template":"page-transparent-header-light.php","meta":{"_joinchat":[],"footnotes":""},"_links":{"self":[{"href":"https:\/\/servicioscyr.cl\/web\/index.php\/wp-json\/wp\/v2\/pages\/2"}],"collection":[{"href":"https:\/\/servicioscyr.cl\/web\/index.php\/wp-json\/wp\/v2\/pages"}],"about":[{"href":"https:\/\/servicioscyr.cl\/web\/index.php\/wp-json\/wp\/v2\/types\/page"}],"author":[{"embeddable":true,"href":"https:\/\/servicioscyr.cl\/web\/index.php\/wp-json\/wp\/v2\/users\/1"}],"replies":[{"embeddable":true,"href":"https:\/\/servicioscyr.cl\/web\/index.php\/wp-json\/wp\/v2\/comments?post=2"}],"version-history":[{"count":36,"href":"https:\/\/servicioscyr.cl\/web\/index.php\/wp-json\/wp\/v2\/pages\/2\/revisions"}],"predecessor-version":[{"id":143,"href":"https:\/\/servicioscyr.cl\/web\/index.php\/wp-json\/wp\/v2\/pages\/2\/revisions\/143"}],"wp:attachment":[{"href":"https:\/\/servicioscyr.cl\/web\/index.php\/wp-json\/wp\/v2\/media?parent=2"}],"curies":[{"name":"wp","href":"https:\/\/api.w.org\/{rel}","templated":true}]}}